{"id":98,"date":"2022-06-20T19:16:25","date_gmt":"2022-06-20T17:16:25","guid":{"rendered":"https:\/\/afus-forschung.de\/?page_id=98"},"modified":"2022-06-25T12:46:24","modified_gmt":"2022-06-25T10:46:24","slug":"datenschutz","status":"publish","type":"page","link":"https:\/\/afus-forschung.de\/en\/datenschutz\/","title":{"rendered":"Privacy Policy"},"content":{"rendered":"<p>[et_pb_section fb_built=&#8220;1&#8243; admin_label=&#8220;Center Aligned Text &#8220; _builder_version=&#8220;4.17.4&#8243; _module_preset=&#8220;default&#8220; background_color=&#8220;#f8fbfe&#8220; use_background_color_gradient=&#8220;on&#8220; background_color_gradient_direction=&#8220;135deg&#8220; background_color_gradient_stops=&#8220;#2f4070 0%|#aec1f2 100%&#8220; background_color_gradient_start=&#8220;#00c3d8&#8243; background_color_gradient_end=&#8220;#0780b5&#8243; background_image=&#8220;https:\/\/afus-forschung.de\/wp-content\/uploads\/2022\/06\/black-and-white-lights-abstract-curves.jpg&#8220; background_blend=&#8220;overlay&#8220; custom_padding=&#8220;10%|0px|5%|0px&#8220; animation_style=&#8220;zoom&#8220; animation_direction=&#8220;bottom&#8220; animation_intensity_zoom=&#8220;8%&#8220; animation_starting_opacity=&#8220;100%&#8220; global_colors_info=&#8220;{}&#8220;][et_pb_row _builder_version=&#8220;4.16&#8243; _module_preset=&#8220;default&#8220; global_colors_info=&#8220;{}&#8220;][et_pb_column type=&#8220;4_4&#8243; _builder_version=&#8220;4.16&#8243; _module_preset=&#8220;default&#8220; custom_padding=&#8220;|||&#8220; global_colors_info=&#8220;{}&#8220; custom_padding__hover=&#8220;|||&#8220;][et_pb_text _builder_version=&#8220;4.17.4&#8243; _module_preset=&#8220;default&#8220; text_font=&#8220;Nunito Sans||||||||&#8220; text_text_color=&#8220;#ffffff&#8220; text_font_size=&#8220;18px&#8220; text_line_height=&#8220;1.8em&#8220; header_font=&#8220;Nunito Sans|700|||||||&#8220; header_font_size=&#8220;45px&#8220; header_line_height=&#8220;1.3em&#8220; header_2_font=&#8220;||||||||&#8220; text_orientation=&#8220;center&#8220; background_layout=&#8220;dark&#8220; max_width=&#8220;700px&#8220; module_alignment=&#8220;center&#8220; global_colors_info=&#8220;{}&#8220;]<\/p>\n<h1>Privacy Policy<\/h1>\n<p>Data protection declaration within the meaning of the EU General Data Protection Regulation (GDPR)<\/p>\n<p>[\/et_pb_text][\/et_pb_column][\/et_pb_row][\/et_pb_section][et_pb_section fb_built=&#8220;1&#8243; admin_label=&#8220;Features CTA Section&#8220; _builder_version=&#8220;4.16&#8243; _module_preset=&#8220;default&#8220; custom_padding=&#8220;100px|0px|100px|0px&#8220; saved_tabs=&#8220;all&#8220; global_colors_info=&#8220;{}&#8220;][et_pb_row _builder_version=&#8220;4.17.4&#8243; _module_preset=&#8220;default&#8220; global_colors_info=&#8220;{}&#8220;][et_pb_column type=&#8220;4_4&#8243; _builder_version=&#8220;4.17.4&#8243; _module_preset=&#8220;default&#8220; global_colors_info=&#8220;{}&#8220;][et_pb_text _builder_version=&#8220;4.17.4&#8243; _module_preset=&#8220;default&#8220; global_colors_info=&#8220;{}&#8220;]<\/p>\n<h2 class=\"bold-subtitle font-19\">Responsible<\/h2>\n<p class=\"mini-mt gray7 font-15\">The responsible body within the meaning of the data protection laws, in particular the EU General Data Protection Regulation (GDPR), is<br \/>Prof. Dr.-Ing. Lars Hannawald<br \/>Dipl.-Ing. C\u00e4cilia von Lienen<\/p>\n<h4 class=\"bold-subtitle font-19 xs-py\">Your data subject rights<\/h4>\n<p class=\"mini-mt gray7 font-15\">You can exercise the following rights at any time using the contact details provided for our data protection officer<\/p>\n<ul class=\"item-list-type-1 list-disc\">\n<li>Information about your data stored by us and their processing,<\/li>\n<li>rectification of inaccurate personal data,<\/li>\n<li>Deletion of your data stored with us,<\/li>\n<li>Restriction of data processing if we are not yet allowed to delete your data due to legal obligations,<\/li>\n<li>Objection to the processing of your data by us and<\/li>\n<li>Data transferability if you have consented to the data processing or have concluded a contract with us.<\/li>\n<\/ul>\n<p class=\"mini-mt gray7 font-15\">If you have given us your consent, you can revoke this at any time with effect for the future. You can contact the supervisory authority responsible for you at any time with a complaint. Your responsible supervisory authority depends on the state of your residence, your work or the alleged infringement. A list of the supervisory authorities (for the non-public area) with addresses can be found at: https:\/\/www.bfdi.bund.de\/DE\/Infothek\/Anschriften_Links\/anschriften_links-node.html.<\/p>\n<h4 class=\"bold-subtitle font-19 xs-py\">Purposes of data processing by the responsible body and third parties<\/h4>\n<p class=\"mini-mt gray7 font-15\">We only process your personal data for the purposes stated in this data protection declaration. Your personal data will not be transmitted to third parties for purposes other than those mentioned. We only pass on your personal data to third parties if<\/p>\n<ul class=\"item-list-type-1 list-disc\">\n<li>you have given your express consent,<\/li>\n<li>the processing is necessary for the execution of a contract with you,<\/li>\n<li>the processing is necessary to fulfill a legal obligation,<\/li>\n<\/ul>\n<p class=\"mini-mt gray7 font-15\">the processing is necessary to protect legitimate interests and there is no reason to assume that you have an overriding legitimate interest in not disclosing your data.<\/p>\n<h4 class=\"bold-subtitle font-19 xs-py\">Deletion or blocking of the data<\/h4>\n<p class=\"mini-mt gray7 font-15\">We adhere to the principles of data avoidance and data economy. We therefore only store your personal data for as long as is necessary to achieve the purposes stated here or as provided for by the various storage periods provided for by the legislature. After the respective purpose has ceased to exist or these periods have expired, the corresponding data will be blocked or deleted as a matter of routine and in accordance with the statutory provisions. Collection of general information when visiting our website When you access our website, information of a general nature is automatically collected using a cookie. This information (server log files) includes the type of web browser, the operating system used, the domain name of your internet service provider and similar. This is exclusively information that does not allow any conclusions to be drawn about your person. This information is technically necessary in order to correctly deliver the content you have requested from websites and is mandatory when using the Internet. In particular, they are processed for the following purposes<\/p>\n<ul class=\"item-list-type-1 list-disc\">\n<li>Ensuring a problem-free connection to the website<\/li>\n<li>Ensuring smooth use of our website<\/li>\n<li>Evaluation of system security and stability as well<\/li>\n<li>for other administrative purposes.<\/li>\n<\/ul>\n<p class=\"mini-mt gray7 font-15\">The processing of your personal data is based on our legitimate interest in the aforementioned data collection purposes. We do not use your data to draw conclusions about your person. Recipients of the data are only the responsible body and, if necessary, the processor. Anonymous information of this type may be statistically evaluated by us in order to optimize our website and the technology behind it.<\/p>\n<h4 class=\"bold-subtitle font-19 xs-py\">Questions to the data protection officer<\/h4>\n<p class=\"mini-mt gray7 font-15\">If you have any questions about data protection, please send us an email or contact the person responsible for data protection in our organization directly: The data protection declaration was created with the data protection declaration generator of activeMind AG.<\/p>\n<p>[\/et_pb_text][\/et_pb_column][\/et_pb_row][\/et_pb_section]<\/p>","protected":false},"excerpt":{"rendered":"<p>Datenschutz Datenschutzerkl\u00e4rung im Sinne der EU-Datenschutzgrundverordnung (DSGVO)Verantwortlich Verantwortliche Stelle im Sinne der Datenschutzgesetze, insbesondere der EU-Datenschutzgrundverordnung (DSGVO), ist:Prof. Dr.-Ing. Lars HannawaldDipl.-Ing. C\u00e4cilia von Lienen Ihre Betroffenenrechte Unter den angegebenen Kontaktdaten unseres Datenschutzbeauftragten k\u00f6nnen Sie jederzeit folgende Rechte aus\u00fcben: Auskunft \u00fcber Ihre bei uns gespeicherten Daten und deren Verarbeitung, Berichtigung unrichtiger personenbezogener Daten, L\u00f6schung Ihrer bei [&hellip;]<\/p>","protected":false},"author":1,"featured_media":0,"parent":0,"menu_order":0,"comment_status":"closed","ping_status":"closed","template":"","meta":{"_et_pb_use_builder":"on","_et_pb_old_content":"","_et_gb_content_width":"","footnotes":""},"class_list":["post-98","page","type-page","status-publish","hentry"],"yoast_head":"<!-- This site is optimized with the Yoast SEO plugin v20.7 - https:\/\/yoast.com\/wordpress\/plugins\/seo\/ -->\n<title>Datenschutz - AFUS Forschungsgemeinschaft mbH<\/title>\n<meta name=\"description\" content=\"AFUS Forschungsgesellschaft mbH ist ein Unternehmen f\u00fcr angewandte Fahrzeugtechnik und Sicherheit und erm\u00f6glicht praxisbezogene Entwicklungen und industrienahe Produktl\u00f6sungen.\" \/>\n<meta name=\"robots\" content=\"index, follow, max-snippet:-1, max-image-preview:large, max-video-preview:-1\" \/>\n<link rel=\"canonical\" href=\"https:\/\/afus-forschung.de\/en\/datenschutz\/\" \/>\n<meta property=\"og:locale\" content=\"en_US\" \/>\n<meta property=\"og:type\" content=\"article\" \/>\n<meta property=\"og:title\" content=\"Datenschutz - AFUS Forschungsgemeinschaft mbH\" \/>\n<meta property=\"og:description\" content=\"AFUS Forschungsgesellschaft mbH ist ein Unternehmen f\u00fcr angewandte Fahrzeugtechnik und Sicherheit und erm\u00f6glicht praxisbezogene Entwicklungen und industrienahe Produktl\u00f6sungen.\" \/>\n<meta property=\"og:url\" content=\"https:\/\/afus-forschung.de\/en\/datenschutz\/\" \/>\n<meta property=\"og:site_name\" content=\"AFUS Forschungsgemeinschaft mbH\" \/>\n<meta property=\"article:modified_time\" content=\"2022-06-25T10:46:24+00:00\" \/>\n<meta name=\"twitter:card\" content=\"summary_large_image\" \/>\n<meta name=\"twitter:label1\" content=\"Est. reading time\" \/>\n\t<meta name=\"twitter:data1\" content=\"4 minutes\" \/>\n<script type=\"application\/ld+json\" class=\"yoast-schema-graph\">{\"@context\":\"https:\/\/schema.org\",\"@graph\":[{\"@type\":\"WebPage\",\"@id\":\"https:\/\/afus-forschung.de\/datenschutz\/\",\"url\":\"https:\/\/afus-forschung.de\/datenschutz\/\",\"name\":\"Datenschutz - AFUS Forschungsgemeinschaft mbH\",\"isPartOf\":{\"@id\":\"https:\/\/afus-forschung.de\/#website\"},\"datePublished\":\"2022-06-20T17:16:25+00:00\",\"dateModified\":\"2022-06-25T10:46:24+00:00\",\"description\":\"AFUS Forschungsgesellschaft mbH ist ein Unternehmen f\u00fcr angewandte Fahrzeugtechnik und Sicherheit und erm\u00f6glicht praxisbezogene Entwicklungen und industrienahe Produktl\u00f6sungen.\",\"breadcrumb\":{\"@id\":\"https:\/\/afus-forschung.de\/datenschutz\/#breadcrumb\"},\"inLanguage\":\"en-US\",\"potentialAction\":[{\"@type\":\"ReadAction\",\"target\":[\"https:\/\/afus-forschung.de\/datenschutz\/\"]}]},{\"@type\":\"BreadcrumbList\",\"@id\":\"https:\/\/afus-forschung.de\/datenschutz\/#breadcrumb\",\"itemListElement\":[{\"@type\":\"ListItem\",\"position\":1,\"name\":\"Startseite\",\"item\":\"https:\/\/afus-forschung.de\/\"},{\"@type\":\"ListItem\",\"position\":2,\"name\":\"Datenschutz\"}]},{\"@type\":\"WebSite\",\"@id\":\"https:\/\/afus-forschung.de\/#website\",\"url\":\"https:\/\/afus-forschung.de\/\",\"name\":\"AFUS Forschungsgemeinschaft mbH\",\"description\":\"Protect, Rate, Analyze Human Driver\",\"potentialAction\":[{\"@type\":\"SearchAction\",\"target\":{\"@type\":\"EntryPoint\",\"urlTemplate\":\"https:\/\/afus-forschung.de\/?s={search_term_string}\"},\"query-input\":\"required name=search_term_string\"}],\"inLanguage\":\"en-US\"}]}<\/script>\n<!-- \/ Yoast SEO plugin. -->","yoast_head_json":{"title":"Datenschutz - AFUS Forschungsgemeinschaft mbH","description":"AFUS Forschungsgesellschaft mbH ist ein Unternehmen f\u00fcr angewandte Fahrzeugtechnik und Sicherheit und erm\u00f6glicht praxisbezogene Entwicklungen und industrienahe Produktl\u00f6sungen.","robots":{"index":"index","follow":"follow","max-snippet":"max-snippet:-1","max-image-preview":"max-image-preview:large","max-video-preview":"max-video-preview:-1"},"canonical":"https:\/\/afus-forschung.de\/en\/datenschutz\/","og_locale":"en_US","og_type":"article","og_title":"Datenschutz - AFUS Forschungsgemeinschaft mbH","og_description":"AFUS Forschungsgesellschaft mbH ist ein Unternehmen f\u00fcr angewandte Fahrzeugtechnik und Sicherheit und erm\u00f6glicht praxisbezogene Entwicklungen und industrienahe Produktl\u00f6sungen.","og_url":"https:\/\/afus-forschung.de\/en\/datenschutz\/","og_site_name":"AFUS Forschungsgemeinschaft mbH","article_modified_time":"2022-06-25T10:46:24+00:00","twitter_card":"summary_large_image","twitter_misc":{"Est. reading time":"4 minutes"},"schema":{"@context":"https:\/\/schema.org","@graph":[{"@type":"WebPage","@id":"https:\/\/afus-forschung.de\/datenschutz\/","url":"https:\/\/afus-forschung.de\/datenschutz\/","name":"Datenschutz - AFUS Forschungsgemeinschaft mbH","isPartOf":{"@id":"https:\/\/afus-forschung.de\/#website"},"datePublished":"2022-06-20T17:16:25+00:00","dateModified":"2022-06-25T10:46:24+00:00","description":"AFUS Forschungsgesellschaft mbH ist ein Unternehmen f\u00fcr angewandte Fahrzeugtechnik und Sicherheit und erm\u00f6glicht praxisbezogene Entwicklungen und industrienahe Produktl\u00f6sungen.","breadcrumb":{"@id":"https:\/\/afus-forschung.de\/datenschutz\/#breadcrumb"},"inLanguage":"en-US","potentialAction":[{"@type":"ReadAction","target":["https:\/\/afus-forschung.de\/datenschutz\/"]}]},{"@type":"BreadcrumbList","@id":"https:\/\/afus-forschung.de\/datenschutz\/#breadcrumb","itemListElement":[{"@type":"ListItem","position":1,"name":"Startseite","item":"https:\/\/afus-forschung.de\/"},{"@type":"ListItem","position":2,"name":"Datenschutz"}]},{"@type":"WebSite","@id":"https:\/\/afus-forschung.de\/#website","url":"https:\/\/afus-forschung.de\/","name":"AFUS Forschungsgemeinschaft mbH","description":"Protect, Rate, Analyze Human Driver","potentialAction":[{"@type":"SearchAction","target":{"@type":"EntryPoint","urlTemplate":"https:\/\/afus-forschung.de\/?s={search_term_string}"},"query-input":"required name=search_term_string"}],"inLanguage":"en-US"}]}},"_links":{"self":[{"href":"https:\/\/afus-forschung.de\/en\/wp-json\/wp\/v2\/pages\/98","targetHints":{"allow":["GET"]}}],"collection":[{"href":"https:\/\/afus-forschung.de\/en\/wp-json\/wp\/v2\/pages"}],"about":[{"href":"https:\/\/afus-forschung.de\/en\/wp-json\/wp\/v2\/types\/page"}],"author":[{"embeddable":true,"href":"https:\/\/afus-forschung.de\/en\/wp-json\/wp\/v2\/users\/1"}],"replies":[{"embeddable":true,"href":"https:\/\/afus-forschung.de\/en\/wp-json\/wp\/v2\/comments?post=98"}],"version-history":[{"count":9,"href":"https:\/\/afus-forschung.de\/en\/wp-json\/wp\/v2\/pages\/98\/revisions"}],"predecessor-version":[{"id":251,"href":"https:\/\/afus-forschung.de\/en\/wp-json\/wp\/v2\/pages\/98\/revisions\/251"}],"wp:attachment":[{"href":"https:\/\/afus-forschung.de\/en\/wp-json\/wp\/v2\/media?parent=98"}],"curies":[{"name":"wp","href":"https:\/\/api.w.org\/{rel}","templated":true}]}}