{"id":92,"date":"2022-06-20T18:54:42","date_gmt":"2022-06-20T16:54:42","guid":{"rendered":"https:\/\/afus-forschung.de\/?page_id=92"},"modified":"2023-09-10T09:36:09","modified_gmt":"2023-09-10T07:36:09","slug":"impressum","status":"publish","type":"page","link":"https:\/\/afus-forschung.de\/en\/impressum\/","title":{"rendered":"Imprint"},"content":{"rendered":"<p>[et_pb_section fb_built=&#8220;1&#8243; admin_label=&#8220;Center Aligned Text &#8220; _builder_version=&#8220;4.17.4&#8243; _module_preset=&#8220;default&#8220; background_color=&#8220;#f8fbfe&#8220; use_background_color_gradient=&#8220;on&#8220; background_color_gradient_direction=&#8220;135deg&#8220; background_color_gradient_stops=&#8220;#2f4070 0%|#aec1f2 100%&#8220; background_color_gradient_start=&#8220;#00c3d8&#8243; background_color_gradient_end=&#8220;#0780b5&#8243; background_image=&#8220;https:\/\/afus-forschung.de\/wp-content\/uploads\/2022\/06\/black-and-white-lights-abstract-curves.jpg&#8220; background_blend=&#8220;overlay&#8220; custom_padding=&#8220;10%|0px|5%|0px&#8220; animation_style=&#8220;zoom&#8220; animation_direction=&#8220;bottom&#8220; animation_intensity_zoom=&#8220;8%&#8220; animation_starting_opacity=&#8220;100%&#8220; global_colors_info=&#8220;{}&#8220;][et_pb_row _builder_version=&#8220;4.16&#8243; _module_preset=&#8220;default&#8220; global_colors_info=&#8220;{}&#8220;][et_pb_column type=&#8220;4_4&#8243; _builder_version=&#8220;4.16&#8243; _module_preset=&#8220;default&#8220; custom_padding=&#8220;|||&#8220; global_colors_info=&#8220;{}&#8220; custom_padding__hover=&#8220;|||&#8220;][et_pb_text _builder_version=&#8220;4.17.4&#8243; _module_preset=&#8220;default&#8220; text_font=&#8220;Nunito Sans||||||||&#8220; text_text_color=&#8220;#ffffff&#8220; text_font_size=&#8220;18px&#8220; text_line_height=&#8220;1.8em&#8220; header_font=&#8220;Nunito Sans|700|||||||&#8220; header_font_size=&#8220;45px&#8220; header_line_height=&#8220;1.3em&#8220; header_2_font=&#8220;||||||||&#8220; text_orientation=&#8220;center&#8220; background_layout=&#8220;dark&#8220; max_width=&#8220;700px&#8220; module_alignment=&#8220;center&#8220; global_colors_info=&#8220;{}&#8220;]<\/p>\n<h1>Imprint<\/h1>\n<p>Provider, Liability, Data Protection<\/p>\n<p>[\/et_pb_text][\/et_pb_column][\/et_pb_row][\/et_pb_section][et_pb_section fb_built=&#8220;1&#8243; admin_label=&#8220;section&#8220; _builder_version=&#8220;4.16&#8243; global_colors_info=&#8220;{}&#8220;][et_pb_row column_structure=&#8220;1_2,1_2&#8243; _builder_version=&#8220;4.17.4&#8243; _module_preset=&#8220;default&#8220; global_colors_info=&#8220;{}&#8220;][et_pb_column type=&#8220;1_2&#8243; _builder_version=&#8220;4.17.4&#8243; _module_preset=&#8220;default&#8220; global_colors_info=&#8220;{}&#8220;][et_pb_text _builder_version=&#8220;4.17.4&#8243; _module_preset=&#8220;default&#8220; global_colors_info=&#8220;{}&#8220;]<\/p>\n<h4 class=\"bold-subtitle font-19\">Offerer<\/h4>\n<p class=\"mini-mt gray7 font-15\">AFUS<br \/>Forschungsgesellschaft mbH<br \/>Junghansstra\u00dfe 5d<br \/>D &#8211; 01277 Dresden<\/p>\n<p class=\"mini-mt gray7 font-15 xxs-py\">Prof. Dr.-Ing. Lars Hannawald<br \/>info@afus-forschung.de<\/p>\n<p class=\"mini-mt gray7 font-15 xxs-py\">Dr.-Ing. C\u00e4cilia von Lienen-Lorenz<br \/>info@afus-forschung.de<\/p>\n<p class=\"mini-mt gray7 font-15 xxs-py\">+49 (0)\u00a0151 42669331<\/p>\n<p>Amtsgericht Dresden HRB 38286<\/p>\n<h3 class=\"bold-subtitle font-19  xxs-py\">Design<\/h3>\n<p class=\"mini-mt gray7 font-15 xxs-py\">galerieC informationsmanagement<br \/>Bergesh\u00f6h 29<br \/>09128 Chemnitz<br \/>www.galerieC.de<\/p>\n<h3 class=\"bold-subtitle font-19\">Liability for content<\/h3>\n<p class=\"mini-mt gray7 font-15 xxs-py\">The contents of our pages were created with great care. However, we cannot guarantee that the content is correct, complete or up-to-date.<\/p>\n<p class=\"mini-mt gray7 font-15 xxs-py\">As a service provider, we are responsible for our own content on these pages in accordance with Section 7, Paragraph 1 of the German Telemedia Act (TMG). According to \u00a7\u00a7 8 to 10 TMG, however, we as a service provider are not obliged to monitor transmitted or stored third-party information or to investigate circumstances that indicate illegal activity.<\/p>\n<p class=\"mini-mt gray7 font-15 xxs-py\">Obligations to remove or block the use of information according to general laws remain unaffected. However, liability in this regard is only possible from the point in time at which knowledge of a specific infringement of the law is known. As soon as we become aware of any violations of the law, we will remove this content immediately.<\/p>\n<p>[\/et_pb_text][\/et_pb_column][et_pb_column type=&#8220;1_2&#8243; _builder_version=&#8220;4.17.4&#8243; _module_preset=&#8220;default&#8220; global_colors_info=&#8220;{}&#8220;][et_pb_text _builder_version=&#8220;4.17.4&#8243; _module_preset=&#8220;default&#8220; global_colors_info=&#8220;{}&#8220;]<\/p>\n<h4 class=\"bold-subtitle font-19\">Liability for links<\/h4>\n<p class=\"mini-mt gray7 font-15\">Our offer contains links to external third-party websites, the content of which we have no influence on. Therefore we cannot assume any liability for this external content.<\/p>\n<p class=\"mini-mt gray7 font-15 xxs-py\">The respective provider or operator of the pages is always responsible for the content of the linked pages. The linked pages were checked for possible legal violations at the time of linking.<\/p>\n<p class=\"mini-mt gray7 font-15 xxs-py\">Illegal content was not recognizable at the time of linking. However, a permanent control of the content of the linked pages is not reasonable without concrete evidence of an infringement. As soon as we become aware of legal violations, we will remove such links immediately.<\/p>\n<h4 class=\"bold-subtitle font-19\">Copyright<\/h4>\n<p class=\"mini-mt gray7 font-15 xxs-py\">The content and works on these pages created by the site operators are subject to German copyright law. Third party contributions are marked as such. The duplication, editing, distribution and any kind of exploitation beyond the limits of copyright require the written consent of the respective author or creator. Downloads and copies of this site are only permitted for private, non-commercial use.<\/p>\n<p class=\"mini-mt gray7 font-15 xxs-py\">The operators of the pages make every effort to always observe the copyrights of others or to use self-created and license-free works.<\/p>\n<p>[\/et_pb_text][\/et_pb_column][\/et_pb_row][\/et_pb_section]<\/p>","protected":false},"excerpt":{"rendered":"<p>Impressum Anbieter, Haftung, DatenschutzAnbieter AFUSForschungsgesellschaft mbHJunghansstra\u00dfe 5dD &#8211; 01277 Dresden Prof. Dr.-Ing. Lars Hannawaldinfo@afus-forschung.de Dr.-Ing. C\u00e4cilia von Lienen-Lorenzinfo@afus-forschung.de +49 (0)\u00a0151 42669331 Amtsgericht Dresden HRB 38286 Gestaltung und Realisierung galerieC informationsmanagementBergesh\u00f6h 2909128 Chemnitzwww.galerieC.de Haftung f\u00fcr Inhalte Die Inhalte unserer Seiten wurden mit gr\u00f6\u00dfter Sorgfalt erstellt. F\u00fcr die Richtigkeit, Vollst\u00e4ndigkeit und Aktualit\u00e4t der Inhalte k\u00f6nnen wir jedoch [&hellip;]<\/p>","protected":false},"author":1,"featured_media":0,"parent":0,"menu_order":0,"comment_status":"closed","ping_status":"closed","template":"","meta":{"_et_pb_use_builder":"on","_et_pb_old_content":"","_et_gb_content_width":"","footnotes":""},"class_list":["post-92","page","type-page","status-publish","hentry"],"yoast_head":"<!-- This site is optimized with the Yoast SEO plugin v20.7 - https:\/\/yoast.com\/wordpress\/plugins\/seo\/ -->\n<title>Impressum - AFUS Forschungsgemeinschaft mbH<\/title>\n<meta name=\"description\" content=\"AFUS Forschungsgesellschaft mbH ist ein Unternehmen f\u00fcr angewandte Fahrzeugtechnik und Sicherheit und erm\u00f6glicht praxisbezogene Entwicklungen und industrienahe Produktl\u00f6sungen.\" \/>\n<meta name=\"robots\" content=\"index, follow, max-snippet:-1, max-image-preview:large, max-video-preview:-1\" \/>\n<link rel=\"canonical\" href=\"https:\/\/afus-forschung.de\/en\/impressum\/\" \/>\n<meta property=\"og:locale\" content=\"en_US\" \/>\n<meta property=\"og:type\" content=\"article\" \/>\n<meta property=\"og:title\" content=\"Impressum - AFUS Forschungsgemeinschaft mbH\" \/>\n<meta property=\"og:description\" content=\"AFUS Forschungsgesellschaft mbH ist ein Unternehmen f\u00fcr angewandte Fahrzeugtechnik und Sicherheit und erm\u00f6glicht praxisbezogene Entwicklungen und industrienahe Produktl\u00f6sungen.\" \/>\n<meta property=\"og:url\" content=\"https:\/\/afus-forschung.de\/en\/impressum\/\" \/>\n<meta property=\"og:site_name\" content=\"AFUS Forschungsgemeinschaft mbH\" \/>\n<meta property=\"article:modified_time\" content=\"2023-09-10T07:36:09+00:00\" \/>\n<meta name=\"twitter:card\" content=\"summary_large_image\" \/>\n<meta name=\"twitter:label1\" content=\"Est. reading time\" \/>\n\t<meta name=\"twitter:data1\" content=\"3 minutes\" \/>\n<script type=\"application\/ld+json\" class=\"yoast-schema-graph\">{\"@context\":\"https:\/\/schema.org\",\"@graph\":[{\"@type\":\"WebPage\",\"@id\":\"https:\/\/afus-forschung.de\/impressum\/\",\"url\":\"https:\/\/afus-forschung.de\/impressum\/\",\"name\":\"Impressum - AFUS Forschungsgemeinschaft mbH\",\"isPartOf\":{\"@id\":\"https:\/\/afus-forschung.de\/#website\"},\"datePublished\":\"2022-06-20T16:54:42+00:00\",\"dateModified\":\"2023-09-10T07:36:09+00:00\",\"description\":\"AFUS Forschungsgesellschaft mbH ist ein Unternehmen f\u00fcr angewandte Fahrzeugtechnik und Sicherheit und erm\u00f6glicht praxisbezogene Entwicklungen und industrienahe Produktl\u00f6sungen.\",\"breadcrumb\":{\"@id\":\"https:\/\/afus-forschung.de\/impressum\/#breadcrumb\"},\"inLanguage\":\"en-US\",\"potentialAction\":[{\"@type\":\"ReadAction\",\"target\":[\"https:\/\/afus-forschung.de\/impressum\/\"]}]},{\"@type\":\"BreadcrumbList\",\"@id\":\"https:\/\/afus-forschung.de\/impressum\/#breadcrumb\",\"itemListElement\":[{\"@type\":\"ListItem\",\"position\":1,\"name\":\"Startseite\",\"item\":\"https:\/\/afus-forschung.de\/\"},{\"@type\":\"ListItem\",\"position\":2,\"name\":\"Impressum\"}]},{\"@type\":\"WebSite\",\"@id\":\"https:\/\/afus-forschung.de\/#website\",\"url\":\"https:\/\/afus-forschung.de\/\",\"name\":\"AFUS Forschungsgemeinschaft mbH\",\"description\":\"Protect, Rate, Analyze Human Driver\",\"potentialAction\":[{\"@type\":\"SearchAction\",\"target\":{\"@type\":\"EntryPoint\",\"urlTemplate\":\"https:\/\/afus-forschung.de\/?s={search_term_string}\"},\"query-input\":\"required name=search_term_string\"}],\"inLanguage\":\"en-US\"}]}<\/script>\n<!-- \/ Yoast SEO plugin. -->","yoast_head_json":{"title":"Impressum - AFUS Forschungsgemeinschaft mbH","description":"AFUS Forschungsgesellschaft mbH ist ein Unternehmen f\u00fcr angewandte Fahrzeugtechnik und Sicherheit und erm\u00f6glicht praxisbezogene Entwicklungen und industrienahe Produktl\u00f6sungen.","robots":{"index":"index","follow":"follow","max-snippet":"max-snippet:-1","max-image-preview":"max-image-preview:large","max-video-preview":"max-video-preview:-1"},"canonical":"https:\/\/afus-forschung.de\/en\/impressum\/","og_locale":"en_US","og_type":"article","og_title":"Impressum - AFUS Forschungsgemeinschaft mbH","og_description":"AFUS Forschungsgesellschaft mbH ist ein Unternehmen f\u00fcr angewandte Fahrzeugtechnik und Sicherheit und erm\u00f6glicht praxisbezogene Entwicklungen und industrienahe Produktl\u00f6sungen.","og_url":"https:\/\/afus-forschung.de\/en\/impressum\/","og_site_name":"AFUS Forschungsgemeinschaft mbH","article_modified_time":"2023-09-10T07:36:09+00:00","twitter_card":"summary_large_image","twitter_misc":{"Est. reading time":"3 minutes"},"schema":{"@context":"https:\/\/schema.org","@graph":[{"@type":"WebPage","@id":"https:\/\/afus-forschung.de\/impressum\/","url":"https:\/\/afus-forschung.de\/impressum\/","name":"Impressum - AFUS Forschungsgemeinschaft mbH","isPartOf":{"@id":"https:\/\/afus-forschung.de\/#website"},"datePublished":"2022-06-20T16:54:42+00:00","dateModified":"2023-09-10T07:36:09+00:00","description":"AFUS Forschungsgesellschaft mbH ist ein Unternehmen f\u00fcr angewandte Fahrzeugtechnik und Sicherheit und erm\u00f6glicht praxisbezogene Entwicklungen und industrienahe Produktl\u00f6sungen.","breadcrumb":{"@id":"https:\/\/afus-forschung.de\/impressum\/#breadcrumb"},"inLanguage":"en-US","potentialAction":[{"@type":"ReadAction","target":["https:\/\/afus-forschung.de\/impressum\/"]}]},{"@type":"BreadcrumbList","@id":"https:\/\/afus-forschung.de\/impressum\/#breadcrumb","itemListElement":[{"@type":"ListItem","position":1,"name":"Startseite","item":"https:\/\/afus-forschung.de\/"},{"@type":"ListItem","position":2,"name":"Impressum"}]},{"@type":"WebSite","@id":"https:\/\/afus-forschung.de\/#website","url":"https:\/\/afus-forschung.de\/","name":"AFUS Forschungsgemeinschaft mbH","description":"Protect, Rate, Analyze Human Driver","potentialAction":[{"@type":"SearchAction","target":{"@type":"EntryPoint","urlTemplate":"https:\/\/afus-forschung.de\/?s={search_term_string}"},"query-input":"required name=search_term_string"}],"inLanguage":"en-US"}]}},"_links":{"self":[{"href":"https:\/\/afus-forschung.de\/en\/wp-json\/wp\/v2\/pages\/92","targetHints":{"allow":["GET"]}}],"collection":[{"href":"https:\/\/afus-forschung.de\/en\/wp-json\/wp\/v2\/pages"}],"about":[{"href":"https:\/\/afus-forschung.de\/en\/wp-json\/wp\/v2\/types\/page"}],"author":[{"embeddable":true,"href":"https:\/\/afus-forschung.de\/en\/wp-json\/wp\/v2\/users\/1"}],"replies":[{"embeddable":true,"href":"https:\/\/afus-forschung.de\/en\/wp-json\/wp\/v2\/comments?post=92"}],"version-history":[{"count":14,"href":"https:\/\/afus-forschung.de\/en\/wp-json\/wp\/v2\/pages\/92\/revisions"}],"predecessor-version":[{"id":544,"href":"https:\/\/afus-forschung.de\/en\/wp-json\/wp\/v2\/pages\/92\/revisions\/544"}],"wp:attachment":[{"href":"https:\/\/afus-forschung.de\/en\/wp-json\/wp\/v2\/media?parent=92"}],"curies":[{"name":"wp","href":"https:\/\/api.w.org\/{rel}","templated":true}]}}