{"id":70,"date":"2022-06-20T18:42:25","date_gmt":"2022-06-20T16:42:25","guid":{"rendered":"https:\/\/afus-forschung.de\/?page_id=70"},"modified":"2024-08-02T14:57:52","modified_gmt":"2024-08-02T12:57:52","slug":"forschung","status":"publish","type":"page","link":"https:\/\/afus-forschung.de\/en\/forschung\/","title":{"rendered":"Research"},"content":{"rendered":"<p>[et_pb_section fb_built=&#8220;1&#8243; admin_label=&#8220;Center Aligned Text &#8220; _builder_version=&#8220;4.17.4&#8243; _module_preset=&#8220;default&#8220; background_color=&#8220;#f8fbfe&#8220; use_background_color_gradient=&#8220;on&#8220; background_color_gradient_direction=&#8220;135deg&#8220; background_color_gradient_stops=&#8220;#2f4070 0%|#aec1f2 100%&#8220; background_color_gradient_start=&#8220;#00c3d8&#8243; background_color_gradient_end=&#8220;#0780b5&#8243; background_image=&#8220;https:\/\/afus-forschung.de\/wp-content\/uploads\/2022\/06\/pexels-photos.jpg&#8220; background_blend=&#8220;overlay&#8220; custom_padding=&#8220;10%|0px|5%|0px&#8220; animation_style=&#8220;zoom&#8220; animation_direction=&#8220;bottom&#8220; animation_intensity_zoom=&#8220;8%&#8220; animation_starting_opacity=&#8220;100%&#8220; locked=&#8220;off&#8220; global_colors_info=&#8220;{}&#8220;][et_pb_row _builder_version=&#8220;4.16&#8243; _module_preset=&#8220;default&#8220; global_colors_info=&#8220;{}&#8220;][et_pb_column type=&#8220;4_4&#8243; _builder_version=&#8220;4.16&#8243; _module_preset=&#8220;default&#8220; custom_padding=&#8220;|||&#8220; global_colors_info=&#8220;{}&#8220; custom_padding__hover=&#8220;|||&#8220;][et_pb_text _builder_version=&#8220;4.17.4&#8243; _module_preset=&#8220;default&#8220; text_font=&#8220;Nunito Sans||||||||&#8220; text_text_color=&#8220;#ffffff&#8220; text_font_size=&#8220;18px&#8220; text_line_height=&#8220;1.8em&#8220; header_font=&#8220;Nunito Sans|700|||||||&#8220; header_font_size=&#8220;45px&#8220; header_line_height=&#8220;1.3em&#8220; header_2_font=&#8220;||||||||&#8220; text_orientation=&#8220;center&#8220; background_layout=&#8220;dark&#8220; max_width=&#8220;700px&#8220; module_alignment=&#8220;center&#8220; global_colors_info=&#8220;{}&#8220;]<\/p>\n<h1>Applied Research and Development<\/h1>\n<p><span>DYNAMIC PERFORMANCE SAFETY<\/span><\/p>\n<p>[\/et_pb_text][\/et_pb_column][\/et_pb_row][\/et_pb_section][et_pb_section fb_built=&#8220;1&#8243; _builder_version=&#8220;4.16&#8243; _module_preset=&#8220;default&#8220; global_colors_info=&#8220;{}&#8220; custom_margin=&#8220;-40px|||||&#8220;][et_pb_row column_structure=&#8220;1_3,1_3,1_3&#8243; _builder_version=&#8220;4.16&#8243; _module_preset=&#8220;default&#8220; background_size=&#8220;initial&#8220; background_position=&#8220;top_left&#8220; background_repeat=&#8220;repeat&#8220; global_colors_info=&#8220;{}&#8220;][et_pb_column type=&#8220;1_3&#8243; _builder_version=&#8220;4.16&#8243; _module_preset=&#8220;default&#8220; custom_padding=&#8220;|||&#8220; global_colors_info=&#8220;{}&#8220; custom_padding__hover=&#8220;|||&#8220;][et_pb_blurb title=&#8220;NDS&#8220; use_icon=&#8220;on&#8220; font_icon=&#8220;&#xe0e9;||divi||400&#8243; icon_color=&#8220;#2ea3f2&#8243; icon_placement=&#8220;left&#8220; _builder_version=&#8220;4.17.4&#8243; _module_preset=&#8220;default&#8220; background_size=&#8220;initial&#8220; background_position=&#8220;top_left&#8220; background_repeat=&#8220;repeat&#8220; text_orientation=&#8220;center&#8220; image_max_width=&#8220;none&#8220; global_colors_info=&#8220;{}&#8220;]<\/p>\n<p>Naturalistic driving data<br \/>Simulation<br \/>Data collection<\/p>\n<p>[\/et_pb_blurb][\/et_pb_column][et_pb_column type=&#8220;1_3&#8243; _builder_version=&#8220;4.16&#8243; _module_preset=&#8220;default&#8220; custom_padding=&#8220;|||&#8220; global_colors_info=&#8220;{}&#8220; custom_padding__hover=&#8220;|||&#8220;][et_pb_blurb title=&#8220;Fahrerprofilierung&#8220; use_icon=&#8220;on&#8220; font_icon=&#8220;&#xe011;||divi||400&#8243; icon_color=&#8220;#2ea3f2&#8243; icon_placement=&#8220;left&#8220; _builder_version=&#8220;4.17.4&#8243; _module_preset=&#8220;default&#8220; background_size=&#8220;initial&#8220; background_position=&#8220;top_left&#8220; background_repeat=&#8220;repeat&#8220; text_orientation=&#8220;center&#8220; image_max_width=&#8220;none&#8220; global_colors_info=&#8220;{}&#8220;]<\/p>\n<p>Driver analytics<br \/>Driving Dynamics<br \/>Neuronal Modeling<br \/>Adaptive Prediction<\/p>\n<p>[\/et_pb_blurb][\/et_pb_column][et_pb_column type=&#8220;1_3&#8243; _builder_version=&#8220;4.16&#8243; _module_preset=&#8220;default&#8220; custom_padding=&#8220;|||&#8220; global_colors_info=&#8220;{}&#8220; custom_padding__hover=&#8220;|||&#8220;][et_pb_blurb title=&#8220;Biomechanik&#8220; use_icon=&#8220;on&#8220; font_icon=&#8220;&#xe0ec;||divi||400&#8243; icon_color=&#8220;#2ea3f2&#8243; icon_placement=&#8220;left&#8220; _builder_version=&#8220;4.17.4&#8243; _module_preset=&#8220;default&#8220; background_size=&#8220;initial&#8220; background_position=&#8220;top_left&#8220; background_repeat=&#8220;repeat&#8220; text_orientation=&#8220;center&#8220; global_colors_info=&#8220;{}&#8220;]<\/p>\n<p>Construction<br \/>Simulation<br \/>Test<\/p>\n<p>[\/et_pb_blurb][\/et_pb_column][\/et_pb_row][\/et_pb_section][et_pb_section fb_built=&#8220;1&#8243; _builder_version=&#8220;4.16&#8243; _module_preset=&#8220;default&#8220; background_color=&#8220;#f7f7f7&#8243; global_colors_info=&#8220;{}&#8220;][et_pb_row _builder_version=&#8220;4.16&#8243; _module_preset=&#8220;default&#8220; background_size=&#8220;initial&#8220; background_position=&#8220;top_left&#8220; background_repeat=&#8220;repeat&#8220; global_colors_info=&#8220;{}&#8220;][et_pb_column type=&#8220;4_4&#8243; _builder_version=&#8220;4.16&#8243; _module_preset=&#8220;default&#8220; custom_padding=&#8220;|||&#8220; global_colors_info=&#8220;{}&#8220; custom_padding__hover=&#8220;|||&#8220;][et_pb_text _builder_version=&#8220;4.17.4&#8243; _module_preset=&#8220;default&#8220; background_size=&#8220;initial&#8220; background_position=&#8220;top_left&#8220; background_repeat=&#8220;repeat&#8220; text_orientation=&#8220;center&#8220; module_alignment=&#8220;center&#8220; global_colors_info=&#8220;{}&#8220;]<\/p>\n<h1>Research on behalf of driving safety!<\/h1>\n<p>We offer various services in the field of vehicle development, driving dynamics and road safety.<\/p>\n<p>[\/et_pb_text][\/et_pb_column][\/et_pb_row][\/et_pb_section][et_pb_section fb_built=&#8220;1&#8243; _builder_version=&#8220;4.17.4&#8243; _module_preset=&#8220;default&#8220; global_colors_info=&#8220;{}&#8220;][et_pb_row column_structure=&#8220;1_2,1_2&#8243; _builder_version=&#8220;4.17.4&#8243; _module_preset=&#8220;default&#8220; global_colors_info=&#8220;{}&#8220;][et_pb_column type=&#8220;1_2&#8243; _builder_version=&#8220;4.17.4&#8243; _module_preset=&#8220;default&#8220; global_colors_info=&#8220;{}&#8220;][et_pb_image src=&#8220;https:\/\/afus-forschung.de\/wp-content\/uploads\/2022\/06\/Regelkreis_eng.jpg&#8220; title_text=&#8220;Regelkreis_eng&#8220; _builder_version=&#8220;4.17.4&#8243; _module_preset=&#8220;default&#8220; global_colors_info=&#8220;{}&#8220;][\/et_pb_image][\/et_pb_column][et_pb_column type=&#8220;1_2&#8243; _builder_version=&#8220;4.17.4&#8243; _module_preset=&#8220;default&#8220; global_colors_info=&#8220;{}&#8220;][et_pb_image src=&#8220;https:\/\/afus-forschung.de\/wp-content\/uploads\/2022\/06\/Screenshot-2022-06-26-185106.png&#8220; title_text=&#8220;Screenshot 2022-06-26 185106&#8243; _builder_version=&#8220;4.17.4&#8243; _module_preset=&#8220;default&#8220; height=&#8220;290px&#8220; global_colors_info=&#8220;{}&#8220;][\/et_pb_image][\/et_pb_column][\/et_pb_row][\/et_pb_section][et_pb_section fb_built=&#8220;1&#8243; _builder_version=&#8220;4.17.4&#8243; _module_preset=&#8220;default&#8220; global_colors_info=&#8220;{}&#8220;][\/et_pb_section]<\/p>","protected":false},"excerpt":{"rendered":"<p>Angewandte Forschung DYNAMIC PERFORMANCE SAFETYRealfahrdatenbankSimulationDatenerhebnungFahreranalysenFahrdynamikNeuronale Modellierungenadaptive Pr\u00e4dikationsmodelleKonstruktionSimulationTestForschung im Auftrag der Fahrsicherheit! Wir bieten verschiedene Dienstleistungen f\u00fcr den Bereich Fahrzeugentwicklung, Fahrdynamik und Verkehrssicherheit an.<\/p>","protected":false},"author":1,"featured_media":0,"parent":0,"menu_order":0,"comment_status":"closed","ping_status":"closed","template":"","meta":{"_et_pb_use_builder":"on","_et_pb_old_content":"","_et_gb_content_width":"","footnotes":""},"class_list":["post-70","page","type-page","status-publish","hentry"],"yoast_head":"<!-- This site is optimized with the Yoast SEO plugin v20.7 - https:\/\/yoast.com\/wordpress\/plugins\/seo\/ -->\n<title>Forschung - AFUS Forschungsgemeinschaft mbH<\/title>\n<meta name=\"description\" content=\"AFUS Forschungsgesellschaft mbH ist ein Unternehmen f\u00fcr angewandte Fahrzeugtechnik und Sicherheit und erm\u00f6glicht praxisbezogene Entwicklungen und industrienahe Produktl\u00f6sungen.\" \/>\n<meta name=\"robots\" content=\"index, follow, max-snippet:-1, max-image-preview:large, max-video-preview:-1\" \/>\n<link rel=\"canonical\" href=\"https:\/\/afus-forschung.de\/en\/forschung\/\" \/>\n<meta property=\"og:locale\" content=\"en_US\" \/>\n<meta property=\"og:type\" content=\"article\" \/>\n<meta property=\"og:title\" content=\"Forschung - AFUS Forschungsgemeinschaft mbH\" \/>\n<meta property=\"og:description\" content=\"AFUS Forschungsgesellschaft mbH ist ein Unternehmen f\u00fcr angewandte Fahrzeugtechnik und Sicherheit und erm\u00f6glicht praxisbezogene Entwicklungen und industrienahe Produktl\u00f6sungen.\" \/>\n<meta property=\"og:url\" content=\"https:\/\/afus-forschung.de\/en\/forschung\/\" \/>\n<meta property=\"og:site_name\" content=\"AFUS Forschungsgemeinschaft mbH\" \/>\n<meta property=\"article:modified_time\" content=\"2024-08-02T12:57:52+00:00\" \/>\n<meta name=\"twitter:card\" content=\"summary_large_image\" \/>\n<meta name=\"twitter:label1\" content=\"Est. reading time\" \/>\n\t<meta name=\"twitter:data1\" content=\"3 minutes\" \/>\n<script type=\"application\/ld+json\" class=\"yoast-schema-graph\">{\"@context\":\"https:\/\/schema.org\",\"@graph\":[{\"@type\":\"WebPage\",\"@id\":\"https:\/\/afus-forschung.de\/forschung\/\",\"url\":\"https:\/\/afus-forschung.de\/forschung\/\",\"name\":\"Forschung - AFUS Forschungsgemeinschaft mbH\",\"isPartOf\":{\"@id\":\"https:\/\/afus-forschung.de\/#website\"},\"datePublished\":\"2022-06-20T16:42:25+00:00\",\"dateModified\":\"2024-08-02T12:57:52+00:00\",\"description\":\"AFUS Forschungsgesellschaft mbH ist ein Unternehmen f\u00fcr angewandte Fahrzeugtechnik und Sicherheit und erm\u00f6glicht praxisbezogene Entwicklungen und industrienahe Produktl\u00f6sungen.\",\"breadcrumb\":{\"@id\":\"https:\/\/afus-forschung.de\/forschung\/#breadcrumb\"},\"inLanguage\":\"en-US\",\"potentialAction\":[{\"@type\":\"ReadAction\",\"target\":[\"https:\/\/afus-forschung.de\/forschung\/\"]}]},{\"@type\":\"BreadcrumbList\",\"@id\":\"https:\/\/afus-forschung.de\/forschung\/#breadcrumb\",\"itemListElement\":[{\"@type\":\"ListItem\",\"position\":1,\"name\":\"Startseite\",\"item\":\"https:\/\/afus-forschung.de\/\"},{\"@type\":\"ListItem\",\"position\":2,\"name\":\"Forschung\"}]},{\"@type\":\"WebSite\",\"@id\":\"https:\/\/afus-forschung.de\/#website\",\"url\":\"https:\/\/afus-forschung.de\/\",\"name\":\"AFUS Forschungsgemeinschaft mbH\",\"description\":\"Protect, Rate, Analyze Human Driver\",\"potentialAction\":[{\"@type\":\"SearchAction\",\"target\":{\"@type\":\"EntryPoint\",\"urlTemplate\":\"https:\/\/afus-forschung.de\/?s={search_term_string}\"},\"query-input\":\"required name=search_term_string\"}],\"inLanguage\":\"en-US\"}]}<\/script>\n<!-- \/ Yoast SEO plugin. -->","yoast_head_json":{"title":"Forschung - AFUS Forschungsgemeinschaft mbH","description":"AFUS Forschungsgesellschaft mbH ist ein Unternehmen f\u00fcr angewandte Fahrzeugtechnik und Sicherheit und erm\u00f6glicht praxisbezogene Entwicklungen und industrienahe Produktl\u00f6sungen.","robots":{"index":"index","follow":"follow","max-snippet":"max-snippet:-1","max-image-preview":"max-image-preview:large","max-video-preview":"max-video-preview:-1"},"canonical":"https:\/\/afus-forschung.de\/en\/forschung\/","og_locale":"en_US","og_type":"article","og_title":"Forschung - AFUS Forschungsgemeinschaft mbH","og_description":"AFUS Forschungsgesellschaft mbH ist ein Unternehmen f\u00fcr angewandte Fahrzeugtechnik und Sicherheit und erm\u00f6glicht praxisbezogene Entwicklungen und industrienahe Produktl\u00f6sungen.","og_url":"https:\/\/afus-forschung.de\/en\/forschung\/","og_site_name":"AFUS Forschungsgemeinschaft mbH","article_modified_time":"2024-08-02T12:57:52+00:00","twitter_card":"summary_large_image","twitter_misc":{"Est. reading time":"3 minutes"},"schema":{"@context":"https:\/\/schema.org","@graph":[{"@type":"WebPage","@id":"https:\/\/afus-forschung.de\/forschung\/","url":"https:\/\/afus-forschung.de\/forschung\/","name":"Forschung - AFUS Forschungsgemeinschaft mbH","isPartOf":{"@id":"https:\/\/afus-forschung.de\/#website"},"datePublished":"2022-06-20T16:42:25+00:00","dateModified":"2024-08-02T12:57:52+00:00","description":"AFUS Forschungsgesellschaft mbH ist ein Unternehmen f\u00fcr angewandte Fahrzeugtechnik und Sicherheit und erm\u00f6glicht praxisbezogene Entwicklungen und industrienahe Produktl\u00f6sungen.","breadcrumb":{"@id":"https:\/\/afus-forschung.de\/forschung\/#breadcrumb"},"inLanguage":"en-US","potentialAction":[{"@type":"ReadAction","target":["https:\/\/afus-forschung.de\/forschung\/"]}]},{"@type":"BreadcrumbList","@id":"https:\/\/afus-forschung.de\/forschung\/#breadcrumb","itemListElement":[{"@type":"ListItem","position":1,"name":"Startseite","item":"https:\/\/afus-forschung.de\/"},{"@type":"ListItem","position":2,"name":"Forschung"}]},{"@type":"WebSite","@id":"https:\/\/afus-forschung.de\/#website","url":"https:\/\/afus-forschung.de\/","name":"AFUS Forschungsgemeinschaft mbH","description":"Protect, Rate, Analyze Human Driver","potentialAction":[{"@type":"SearchAction","target":{"@type":"EntryPoint","urlTemplate":"https:\/\/afus-forschung.de\/?s={search_term_string}"},"query-input":"required name=search_term_string"}],"inLanguage":"en-US"}]}},"_links":{"self":[{"href":"https:\/\/afus-forschung.de\/en\/wp-json\/wp\/v2\/pages\/70","targetHints":{"allow":["GET"]}}],"collection":[{"href":"https:\/\/afus-forschung.de\/en\/wp-json\/wp\/v2\/pages"}],"about":[{"href":"https:\/\/afus-forschung.de\/en\/wp-json\/wp\/v2\/types\/page"}],"author":[{"embeddable":true,"href":"https:\/\/afus-forschung.de\/en\/wp-json\/wp\/v2\/users\/1"}],"replies":[{"embeddable":true,"href":"https:\/\/afus-forschung.de\/en\/wp-json\/wp\/v2\/comments?post=70"}],"version-history":[{"count":12,"href":"https:\/\/afus-forschung.de\/en\/wp-json\/wp\/v2\/pages\/70\/revisions"}],"predecessor-version":[{"id":570,"href":"https:\/\/afus-forschung.de\/en\/wp-json\/wp\/v2\/pages\/70\/revisions\/570"}],"wp:attachment":[{"href":"https:\/\/afus-forschung.de\/en\/wp-json\/wp\/v2\/media?parent=70"}],"curies":[{"name":"wp","href":"https:\/\/api.w.org\/{rel}","templated":true}]}}